{"id":11,"date":"2018-08-17T13:00:45","date_gmt":"2018-08-17T13:00:45","guid":{"rendered":"http:\/\/xn--msle-heizung-sanitr-xwb47a.de\/?page_id=11"},"modified":"2018-08-17T14:38:49","modified_gmt":"2018-08-17T14:38:49","slug":"startseite","status":"publish","type":"page","link":"https:\/\/xn--msle-heizung-sanitr-xwb47a.de\/","title":{"rendered":""},"content":{"rendered":"<p>Herzlich Willkommen,<\/p>\n<p>wir sind ein kleines Heizung-Sanit\u00e4r Unternehmen, dass sich zur Aufgabe gemacht hat, nach den Bed\u00fcrfnissen und W\u00fcnschen des Kunden zugeschnittene innovative, energiesparende und zukunftsorientierte Anlagen im Bereich Heizung und Sanit\u00e4r zu erstellen. Dabei setzten wir auf hohe Qualit\u00e4t in den von uns verbauten Materialen und Verarbeitung und dies zu fairen Preisen. Dabei k\u00f6nnen wir auf das Know-how von unseren Herstellen wie z.B. Energiespeicher Oskar von Ratiotherm , Fr\u00f6ling, HDG,&nbsp; Viessmann, Weishaupt, IDM W\u00e4rmepumpen, Gr\u00fcnbeck, &nbsp;Hansa und Viega zur\u00fcckgreifen.<\/p>\n<p><img decoding=\"async\" loading=\"lazy\" class=\"aligncenter size-large wp-image-176\" src=\"http:\/\/xn--msle-heizung-sanitr-xwb47a.de\/wp-content\/uploads\/2018\/08\/Logo-1024x437.jpg\" alt=\"\" width=\"660\" height=\"282\" srcset=\"https:\/\/xn--msle-heizung-sanitr-xwb47a.de\/wp-content\/uploads\/2018\/08\/Logo-1024x437.jpg 1024w, https:\/\/xn--msle-heizung-sanitr-xwb47a.de\/wp-content\/uploads\/2018\/08\/Logo-300x128.jpg 300w, https:\/\/xn--msle-heizung-sanitr-xwb47a.de\/wp-content\/uploads\/2018\/08\/Logo-768x328.jpg 768w, https:\/\/xn--msle-heizung-sanitr-xwb47a.de\/wp-content\/uploads\/2018\/08\/Logo.jpg 1312w\" sizes=\"(max-width: 660px) 100vw, 660px\" \/><\/p>\n<p>&nbsp;<\/p>\n","protected":false},"excerpt":{"rendered":"<p>Herzlich Willkommen, wir sind ein kleines Heizung-Sanit\u00e4r Unternehmen, dass sich zur Aufgabe gemacht hat, nach den Bed\u00fcrfnissen und W\u00fcnschen des Kunden zugeschnittene innovative, energiesparende und zukunftsorientierte Anlagen im Bereich Heizung und Sanit\u00e4r zu erstellen. Dabei setzten wir auf hohe Qualit\u00e4t in den von uns verbauten Materialen und Verarbeitung und dies zu fairen Preisen. Dabei k\u00f6nnen &hellip; <a href=\"https:\/\/xn--msle-heizung-sanitr-xwb47a.de\/\" class=\"more-link\"><span class=\"screen-reader-text\"><\/span> weiterlesen<\/a><\/p>\n","protected":false},"author":1,"featured_media":0,"parent":0,"menu_order":0,"comment_status":"closed","ping_status":"closed","template":"","meta":{"ngg_post_thumbnail":0},"_links":{"self":[{"href":"https:\/\/xn--msle-heizung-sanitr-xwb47a.de\/index.php?rest_route=\/wp\/v2\/pages\/11"}],"collection":[{"href":"https:\/\/xn--msle-heizung-sanitr-xwb47a.de\/index.php?rest_route=\/wp\/v2\/pages"}],"about":[{"href":"https:\/\/xn--msle-heizung-sanitr-xwb47a.de\/index.php?rest_route=\/wp\/v2\/types\/page"}],"author":[{"embeddable":true,"href":"https:\/\/xn--msle-heizung-sanitr-xwb47a.de\/index.php?rest_route=\/wp\/v2\/users\/1"}],"replies":[{"embeddable":true,"href":"https:\/\/xn--msle-heizung-sanitr-xwb47a.de\/index.php?rest_route=%2Fwp%2Fv2%2Fcomments&post=11"}],"version-history":[{"count":9,"href":"https:\/\/xn--msle-heizung-sanitr-xwb47a.de\/index.php?rest_route=\/wp\/v2\/pages\/11\/revisions"}],"predecessor-version":[{"id":172,"href":"https:\/\/xn--msle-heizung-sanitr-xwb47a.de\/index.php?rest_route=\/wp\/v2\/pages\/11\/revisions\/172"}],"wp:attachment":[{"href":"https:\/\/xn--msle-heizung-sanitr-xwb47a.de\/index.php?rest_route=%2Fwp%2Fv2%2Fmedia&parent=11"}],"curies":[{"name":"wp","href":"https:\/\/api.w.org\/{rel}","templated":true}]}}