{"id":111,"date":"2018-08-17T13:44:04","date_gmt":"2018-08-17T13:44:04","guid":{"rendered":"http:\/\/xn--msle-heizung-sanitr-xwb47a.de\/?page_id=111"},"modified":"2018-08-27T13:25:04","modified_gmt":"2018-08-27T13:25:04","slug":"froeling-scheitholz","status":"publish","type":"page","link":"https:\/\/xn--msle-heizung-sanitr-xwb47a.de\/?page_id=111","title":{"rendered":"Scheitholz"},"content":{"rendered":"<p>Fr\u00f6ling, der namhafte Hersteller von Biomasse- und Holzheizungen aus \u00d6sterreich, hat sich von Beginn an auf die effiziente Nutzung des Energietr\u00e4gers Holz spezialisiert und ist Pionier bei modernen Holzheizsystemen.<\/p>\n<p>Heute steht der Name Fr\u00f6ling f\u00fcr moderne Biomasseheiztechnik.<\/p>\n<h3>S1 Scheitholzkessel:&nbsp;&nbsp; \u201eDer Kleine Bruder\u201c<\/h3>\n<hr>\n<p><img decoding=\"async\" loading=\"lazy\" class=\"alignleft wp-image-112 size-medium\" src=\"http:\/\/xn--msle-heizung-sanitr-xwb47a.de\/wp-content\/uploads\/2018\/08\/Scheitholz1-196x300.jpg\" alt=\"\" width=\"196\" height=\"300\" srcset=\"https:\/\/xn--msle-heizung-sanitr-xwb47a.de\/wp-content\/uploads\/2018\/08\/Scheitholz1-196x300.jpg 196w, https:\/\/xn--msle-heizung-sanitr-xwb47a.de\/wp-content\/uploads\/2018\/08\/Scheitholz1-768x1178.jpg 768w, https:\/\/xn--msle-heizung-sanitr-xwb47a.de\/wp-content\/uploads\/2018\/08\/Scheitholz1-668x1024.jpg 668w, https:\/\/xn--msle-heizung-sanitr-xwb47a.de\/wp-content\/uploads\/2018\/08\/Scheitholz1.jpg 886w\" sizes=\"(max-width: 196px) 100vw, 196px\" \/> <img decoding=\"async\" loading=\"lazy\" class=\"alignright wp-image-113 size-medium\" src=\"http:\/\/xn--msle-heizung-sanitr-xwb47a.de\/wp-content\/uploads\/2018\/08\/Scheitholz2-300x267.jpg\" alt=\"\" width=\"300\" height=\"267\" srcset=\"https:\/\/xn--msle-heizung-sanitr-xwb47a.de\/wp-content\/uploads\/2018\/08\/Scheitholz2-300x267.jpg 300w, https:\/\/xn--msle-heizung-sanitr-xwb47a.de\/wp-content\/uploads\/2018\/08\/Scheitholz2-768x684.jpg 768w, https:\/\/xn--msle-heizung-sanitr-xwb47a.de\/wp-content\/uploads\/2018\/08\/Scheitholz2.jpg 886w\" sizes=\"(max-width: 300px) 100vw, 300px\" \/><\/p>\n<h5>&nbsp;<\/h5>\n<hr>\n<h3>S4 Scheitholzkessel: \u201eDer Profi\u201c<\/h3>\n<hr>\n<p><img decoding=\"async\" loading=\"lazy\" class=\"size-medium wp-image-115 alignright\" src=\"http:\/\/xn--msle-heizung-sanitr-xwb47a.de\/wp-content\/uploads\/2018\/08\/Scheitholz4-256x300.jpg\" alt=\"\" width=\"256\" height=\"300\" srcset=\"https:\/\/xn--msle-heizung-sanitr-xwb47a.de\/wp-content\/uploads\/2018\/08\/Scheitholz4-256x300.jpg 256w, https:\/\/xn--msle-heizung-sanitr-xwb47a.de\/wp-content\/uploads\/2018\/08\/Scheitholz4-768x901.jpg 768w, https:\/\/xn--msle-heizung-sanitr-xwb47a.de\/wp-content\/uploads\/2018\/08\/Scheitholz4-872x1024.jpg 872w, https:\/\/xn--msle-heizung-sanitr-xwb47a.de\/wp-content\/uploads\/2018\/08\/Scheitholz4.jpg 886w\" sizes=\"(max-width: 256px) 100vw, 256px\" \/><\/p>\n<p><img decoding=\"async\" loading=\"lazy\" class=\"alignleft size-medium wp-image-114\" src=\"http:\/\/xn--msle-heizung-sanitr-xwb47a.de\/wp-content\/uploads\/2018\/08\/Scheitholz3-130x300.jpg\" alt=\"\" width=\"130\" height=\"300\" srcset=\"https:\/\/xn--msle-heizung-sanitr-xwb47a.de\/wp-content\/uploads\/2018\/08\/Scheitholz3-130x300.jpg 130w, https:\/\/xn--msle-heizung-sanitr-xwb47a.de\/wp-content\/uploads\/2018\/08\/Scheitholz3-768x1775.jpg 768w, https:\/\/xn--msle-heizung-sanitr-xwb47a.de\/wp-content\/uploads\/2018\/08\/Scheitholz3-443x1024.jpg 443w, https:\/\/xn--msle-heizung-sanitr-xwb47a.de\/wp-content\/uploads\/2018\/08\/Scheitholz3.jpg 886w\" sizes=\"(max-width: 130px) 100vw, 130px\" \/><\/p>\n<h5>&nbsp;<\/h5>\n<hr>\n<p>Bef\u00fcllen, anz\u00fcnden, T\u00fcre schlie\u00dfen, heizen. Der St\u00fcckgutkessel f\u00fcr Holz, der S4 Turbo von Fr\u00f6ling bietet ein noch nie da gewesenes Komfort-Paket! Und wer es noch bequemer haben m\u00f6chte, g\u00f6nnt sich die optional erh\u00e4ltliche, automatische Z\u00fcndvorrichtung<\/p>\n<hr>\n<p><img decoding=\"async\" loading=\"lazy\" class=\"alignleft size-medium wp-image-116\" src=\"http:\/\/xn--msle-heizung-sanitr-xwb47a.de\/wp-content\/uploads\/2018\/08\/Scheitholz5-243x300.jpg\" alt=\"\" width=\"243\" height=\"300\" srcset=\"https:\/\/xn--msle-heizung-sanitr-xwb47a.de\/wp-content\/uploads\/2018\/08\/Scheitholz5-243x300.jpg 243w, https:\/\/xn--msle-heizung-sanitr-xwb47a.de\/wp-content\/uploads\/2018\/08\/Scheitholz5-768x947.jpg 768w, https:\/\/xn--msle-heizung-sanitr-xwb47a.de\/wp-content\/uploads\/2018\/08\/Scheitholz5-831x1024.jpg 831w, https:\/\/xn--msle-heizung-sanitr-xwb47a.de\/wp-content\/uploads\/2018\/08\/Scheitholz5.jpg 886w\" sizes=\"(max-width: 243px) 100vw, 243px\" \/> <img decoding=\"async\" loading=\"lazy\" class=\"alignleft size-medium wp-image-117\" src=\"http:\/\/xn--msle-heizung-sanitr-xwb47a.de\/wp-content\/uploads\/2018\/08\/Scheitholz6-225x300.jpg\" alt=\"\" width=\"225\" height=\"300\" srcset=\"https:\/\/xn--msle-heizung-sanitr-xwb47a.de\/wp-content\/uploads\/2018\/08\/Scheitholz6-225x300.jpg 225w, https:\/\/xn--msle-heizung-sanitr-xwb47a.de\/wp-content\/uploads\/2018\/08\/Scheitholz6-768x1025.jpg 768w, https:\/\/xn--msle-heizung-sanitr-xwb47a.de\/wp-content\/uploads\/2018\/08\/Scheitholz6-767x1024.jpg 767w, https:\/\/xn--msle-heizung-sanitr-xwb47a.de\/wp-content\/uploads\/2018\/08\/Scheitholz6.jpg 886w\" sizes=\"(max-width: 225px) 100vw, 225px\" \/><\/p>\n<hr>\n<h3>Zwei Systeme perfekt kombiniert &#8211; Kombikessel f\u00fcr Scheitholz (\u00bd m) und Pellets<\/h3>\n<p>Der Scheitholz- und Pellets-Kombikessel SP Dual kombiniert zwei perfekte Systeme &#8211; in zwei getrennten Brennr\u00e4umen erf\u00fcllt er alle Anforderungen an die Brennstoffe Scheitholz und Pellets. Hohe Wirkungsgrade und hoher Komfort &#8211; niedrige Emissionen und Energiekosten zeichnen den SP Dual aus.<\/p>\n<p>Die Z\u00fcndung des Scheitholzes kann automatisch mittels Pelletsbrenner zu jedem beliebigen Zeitpunkt erfolgen. Ist das Scheitholz abgebrannt, wird automatisch mit Pellets weitergeheizt.<\/p>\n<h3><strong>Pelletseinheit jederzeit nachr\u00fcstbar<\/strong><\/h3>\n<p>F\u00fcr all jene, die Scheitholz und Pellets verfeuern wollen, bietet Fr\u00f6ling die flexible L\u00f6sung f\u00fcr die Zukunft: Beim Scheitholzkessel S4 Turbo F mit Pelletsflansch kann die Pelletseinheit jederzeit nachger\u00fcstet werden<\/p>\n","protected":false},"excerpt":{"rendered":"<p>Fr\u00f6ling, der namhafte Hersteller von Biomasse- und Holzheizungen aus \u00d6sterreich, hat sich von Beginn an auf die effiziente Nutzung des Energietr\u00e4gers Holz spezialisiert und ist Pionier bei modernen Holzheizsystemen. Heute steht der Name Fr\u00f6ling f\u00fcr moderne Biomasseheiztechnik. S1 Scheitholzkessel:&nbsp;&nbsp; \u201eDer Kleine Bruder\u201c &nbsp; S4 Scheitholzkessel: \u201eDer Profi\u201c &nbsp; Bef\u00fcllen, anz\u00fcnden, T\u00fcre schlie\u00dfen, heizen. Der St\u00fcckgutkessel &hellip; <a href=\"https:\/\/xn--msle-heizung-sanitr-xwb47a.de\/?page_id=111\" class=\"more-link\"><span class=\"screen-reader-text\">Scheitholz<\/span> weiterlesen<\/a><\/p>\n","protected":false},"author":1,"featured_media":0,"parent":0,"menu_order":0,"comment_status":"closed","ping_status":"closed","template":"","meta":{"ngg_post_thumbnail":0},"_links":{"self":[{"href":"https:\/\/xn--msle-heizung-sanitr-xwb47a.de\/index.php?rest_route=\/wp\/v2\/pages\/111"}],"collection":[{"href":"https:\/\/xn--msle-heizung-sanitr-xwb47a.de\/index.php?rest_route=\/wp\/v2\/pages"}],"about":[{"href":"https:\/\/xn--msle-heizung-sanitr-xwb47a.de\/index.php?rest_route=\/wp\/v2\/types\/page"}],"author":[{"embeddable":true,"href":"https:\/\/xn--msle-heizung-sanitr-xwb47a.de\/index.php?rest_route=\/wp\/v2\/users\/1"}],"replies":[{"embeddable":true,"href":"https:\/\/xn--msle-heizung-sanitr-xwb47a.de\/index.php?rest_route=%2Fwp%2Fv2%2Fcomments&post=111"}],"version-history":[{"count":5,"href":"https:\/\/xn--msle-heizung-sanitr-xwb47a.de\/index.php?rest_route=\/wp\/v2\/pages\/111\/revisions"}],"predecessor-version":[{"id":203,"href":"https:\/\/xn--msle-heizung-sanitr-xwb47a.de\/index.php?rest_route=\/wp\/v2\/pages\/111\/revisions\/203"}],"wp:attachment":[{"href":"https:\/\/xn--msle-heizung-sanitr-xwb47a.de\/index.php?rest_route=%2Fwp%2Fv2%2Fmedia&parent=111"}],"curies":[{"name":"wp","href":"https:\/\/api.w.org\/{rel}","templated":true}]}}