{"id":125,"date":"2018-08-17T13:48:20","date_gmt":"2018-08-17T13:48:20","guid":{"rendered":"http:\/\/xn--msle-heizung-sanitr-xwb47a.de\/?page_id=125"},"modified":"2018-08-17T13:48:55","modified_gmt":"2018-08-17T13:48:55","slug":"ueber-uns","status":"publish","type":"page","link":"https:\/\/xn--msle-heizung-sanitr-xwb47a.de\/?page_id=125","title":{"rendered":"\u00dcber uns"},"content":{"rendered":"<p>Berthold M\u00f6sle gr\u00fcndet mit 20 Jahren Berufserfahrung im Bereich Heizung, Sanit\u00e4r, L\u00fcftung und Solar die Firma Berthold M\u00f6sle GmbH im Januar 2015.<\/p>\n<p>Als Meisterbetrieb mit Fortbildung als Fachkraft f\u00fcr Solartechnik und Kundendiensttechnik setzen wir auf den Einbau von namhaften Herstellern und qualitativ hochwertigen Produkten. Das Unternehmen richtet sein Hauptaugenmerk auf die Planung, Installation, Instandsetzung von Heizungs- und L\u00fcftungsanlagen sowie auf sanit\u00e4re Einrichtungen in Ein- bis Mehrfamilienh\u00e4usern. Auch mittelst\u00e4ndische Industriebetriebe z\u00e4hlen &nbsp;zu unseren Kunden.<\/p>\n<p>An erster Stelle steht die Kundenzufriedenheit sowie die Firmenphilosophie: Gute Arbeit zu fairen Preisen.<\/p>\n<hr>\n<p><img decoding=\"async\" loading=\"lazy\" class=\"aligncenter wp-image-12 size-large\" src=\"http:\/\/xn--msle-heizung-sanitr-xwb47a.de\/wp-content\/uploads\/2018\/08\/WP_20150320_027-1024x575.jpg\" alt=\"\" width=\"660\" height=\"371\" srcset=\"https:\/\/xn--msle-heizung-sanitr-xwb47a.de\/wp-content\/uploads\/2018\/08\/WP_20150320_027-1024x575.jpg 1024w, https:\/\/xn--msle-heizung-sanitr-xwb47a.de\/wp-content\/uploads\/2018\/08\/WP_20150320_027-300x168.jpg 300w, https:\/\/xn--msle-heizung-sanitr-xwb47a.de\/wp-content\/uploads\/2018\/08\/WP_20150320_027-768x431.jpg 768w, https:\/\/xn--msle-heizung-sanitr-xwb47a.de\/wp-content\/uploads\/2018\/08\/WP_20150320_027.jpg 1277w\" sizes=\"(max-width: 660px) 100vw, 660px\" \/><\/p>\n<h5>&nbsp;<\/h5>\n<hr>\n","protected":false},"excerpt":{"rendered":"<p>Berthold M\u00f6sle gr\u00fcndet mit 20 Jahren Berufserfahrung im Bereich Heizung, Sanit\u00e4r, L\u00fcftung und Solar die Firma Berthold M\u00f6sle GmbH im Januar 2015. Als Meisterbetrieb mit Fortbildung als Fachkraft f\u00fcr Solartechnik und Kundendiensttechnik setzen wir auf den Einbau von namhaften Herstellern und qualitativ hochwertigen Produkten. Das Unternehmen richtet sein Hauptaugenmerk auf die Planung, Installation, Instandsetzung von &hellip; <a href=\"https:\/\/xn--msle-heizung-sanitr-xwb47a.de\/?page_id=125\" class=\"more-link\"><span class=\"screen-reader-text\">\u00dcber uns<\/span> weiterlesen<\/a><\/p>\n","protected":false},"author":1,"featured_media":0,"parent":0,"menu_order":0,"comment_status":"closed","ping_status":"closed","template":"","meta":{"ngg_post_thumbnail":0},"_links":{"self":[{"href":"https:\/\/xn--msle-heizung-sanitr-xwb47a.de\/index.php?rest_route=\/wp\/v2\/pages\/125"}],"collection":[{"href":"https:\/\/xn--msle-heizung-sanitr-xwb47a.de\/index.php?rest_route=\/wp\/v2\/pages"}],"about":[{"href":"https:\/\/xn--msle-heizung-sanitr-xwb47a.de\/index.php?rest_route=\/wp\/v2\/types\/page"}],"author":[{"embeddable":true,"href":"https:\/\/xn--msle-heizung-sanitr-xwb47a.de\/index.php?rest_route=\/wp\/v2\/users\/1"}],"replies":[{"embeddable":true,"href":"https:\/\/xn--msle-heizung-sanitr-xwb47a.de\/index.php?rest_route=%2Fwp%2Fv2%2Fcomments&post=125"}],"version-history":[{"count":3,"href":"https:\/\/xn--msle-heizung-sanitr-xwb47a.de\/index.php?rest_route=\/wp\/v2\/pages\/125\/revisions"}],"predecessor-version":[{"id":128,"href":"https:\/\/xn--msle-heizung-sanitr-xwb47a.de\/index.php?rest_route=\/wp\/v2\/pages\/125\/revisions\/128"}],"wp:attachment":[{"href":"https:\/\/xn--msle-heizung-sanitr-xwb47a.de\/index.php?rest_route=%2Fwp%2Fv2%2Fmedia&parent=125"}],"curies":[{"name":"wp","href":"https:\/\/api.w.org\/{rel}","templated":true}]}}