{"id":130,"date":"2018-08-17T13:52:45","date_gmt":"2018-08-17T13:52:45","guid":{"rendered":"http:\/\/xn--msle-heizung-sanitr-xwb47a.de\/?page_id=130"},"modified":"2018-08-27T13:25:28","modified_gmt":"2018-08-27T13:25:28","slug":"oelheizung-mit-oel","status":"publish","type":"page","link":"https:\/\/xn--msle-heizung-sanitr-xwb47a.de\/?page_id=130","title":{"rendered":"\u00d6l"},"content":{"rendered":"<hr>\n<h3><img decoding=\"async\" loading=\"lazy\" class=\"alignleft size-medium wp-image-133\" src=\"http:\/\/xn--msle-heizung-sanitr-xwb47a.de\/wp-content\/uploads\/2018\/08\/\u00f6l3-231x300.jpg\" alt=\"\" width=\"231\" height=\"300\" srcset=\"https:\/\/xn--msle-heizung-sanitr-xwb47a.de\/wp-content\/uploads\/2018\/08\/\u00f6l3-231x300.jpg 231w, https:\/\/xn--msle-heizung-sanitr-xwb47a.de\/wp-content\/uploads\/2018\/08\/\u00f6l3-768x996.jpg 768w, https:\/\/xn--msle-heizung-sanitr-xwb47a.de\/wp-content\/uploads\/2018\/08\/\u00f6l3-790x1024.jpg 790w\" sizes=\"(max-width: 231px) 100vw, 231px\" \/><\/h3>\n<p><a href=\"http:\/\/xn--msle-heizung-sanitr-xwb47a.de\/wp-content\/uploads\/2018\/08\/\u00d6l1.tif\"><img decoding=\"async\" loading=\"lazy\" class=\"alignleft size-medium wp-image-131\" src=\"http:\/\/xn--msle-heizung-sanitr-xwb47a.de\/wp-content\/uploads\/2018\/08\/\u00d6l1.tif\" alt=\"\" width=\"1\" height=\"1\"><\/a> <img decoding=\"async\" loading=\"lazy\" class=\"size-medium wp-image-132 alignright\" src=\"http:\/\/xn--msle-heizung-sanitr-xwb47a.de\/wp-content\/uploads\/2018\/08\/\u00d6l2-300x300.png\" alt=\"\" width=\"300\" height=\"300\" srcset=\"https:\/\/xn--msle-heizung-sanitr-xwb47a.de\/wp-content\/uploads\/2018\/08\/\u00d6l2-300x300.png 300w, https:\/\/xn--msle-heizung-sanitr-xwb47a.de\/wp-content\/uploads\/2018\/08\/\u00d6l2-150x150.png 150w, https:\/\/xn--msle-heizung-sanitr-xwb47a.de\/wp-content\/uploads\/2018\/08\/\u00d6l2.png 480w\" sizes=\"(max-width: 300px) 100vw, 300px\" \/><\/p>\n<h6>&nbsp;<\/h6>\n<hr>\n<h3>Brennwertkessel<\/h3>\n<p><strong>Die moderne \u00d6lheizung&nbsp;\u2013 effizient, bew\u00e4hrte Technik, hoher Wirkungsgrad<\/strong><\/p>\n<p>Die Anschaffung eines Viessmann \u00d6l-Brennwertkessels ist ein aktiver Beitrag zur Ressourceneffizienz und Energieeinsparung. Mit einem unschlagbar hohen Wirkungsgrad wird das eingesetzte Heiz\u00f6l bis zu 98 % in W\u00e4rme umgewandelt.<\/p>\n<p>Viessmann \u00d6l-Brennwertkessel haben die Zukunft bereits eingebaut. Ab Werk sind sie bereits auf einen Umstieg von ausschlie\u00dflich fossilem \u00d6l auf Heiz\u00f6l mit einem Anteil von Bio\u00f6l vorbereitet und k\u00f6nnen so auch mit regenerativen Energietr\u00e4gern betrieben werden. So leistet jeder Betreiber einer \u00d6lheizung mit \u00d6l-Brennwertger\u00e4t einen aktiven Beitrag zum Klima- und Umweltschutz.<\/p>\n<h3>\u00d6l-Brennwerttechnik mit hervorragendem Preis-Leistungs-Verh\u00e4ltnis \u2013 besonders platzsparend und ideal f\u00fcr die Modernisierung<\/h3>\n<p><strong>Profitieren Sie von diesen Vorteilen<\/strong><\/p>\n<ul>\n<li>Hocheffizienter und kompakter bodenstehender \u00d6l-Brennwertkessel<\/li>\n<li>Leistungsbereich von 10,3 bis 28,9 kW<\/li>\n<li>Norm-Nutzungsgrad bis 98 % (Hs)<\/li>\n<li>Beste Energieausnutzung bei minimalen Abmessungen<\/li>\n<li>Biferrale Verbundheizfl\u00e4che mit direkt angeschlossenem Inox-Radial-W\u00e4rmetauscher aus Edelstahl<\/li>\n<li>Zweistufiger oder modulierender Compact-Blaubrenner f\u00fcr raumluftab- und raumluftunabh\u00e4ngige Betriebsweise<\/li>\n<li>Leise Betriebsweise durch integrierten Schalld\u00e4mpfer<\/li>\n<li>Einfach zu bedienende Vitotronic 200 Regelung mit Klartext- und Grafikanzeige<\/li>\n<li>Alle handels\u00fcblichen schwefelarmen Heiz\u00f6le EL verwendbar. Auch f\u00fcr Heiz\u00f6l DIN 51603-6-EL A Bio 10: Heiz\u00f6l EL schwefelarm mit Zumischungen bis 10 % Biokomponenten (FAME)<\/li>\n<li>Schnelle und flexible Einbringung und Aufstellung, auch bei beengten Platzverh\u00e4ltnissen<\/li>\n<li>Platzsparender Einbau der Neutralisationsanlage in das Kesseluntergestell oder alternative Montage an der Wand<\/li>\n<li>Sicherheitsgruppe im Lieferumfang enthalten<\/li>\n<li>Bedienung per Smartphone \u00fcber die kostenlose ViCare App mit Internet-Schnittstelle Vitoconnect (optional)<\/li>\n<li>Energieeffizienzklasse: A<\/li>\n<\/ul>\n","protected":false},"excerpt":{"rendered":"<p>&nbsp; Brennwertkessel Die moderne \u00d6lheizung&nbsp;\u2013 effizient, bew\u00e4hrte Technik, hoher Wirkungsgrad Die Anschaffung eines Viessmann \u00d6l-Brennwertkessels ist ein aktiver Beitrag zur Ressourceneffizienz und Energieeinsparung. Mit einem unschlagbar hohen Wirkungsgrad wird das eingesetzte Heiz\u00f6l bis zu 98 % in W\u00e4rme umgewandelt. Viessmann \u00d6l-Brennwertkessel haben die Zukunft bereits eingebaut. Ab Werk sind sie bereits auf einen Umstieg von &hellip; <a href=\"https:\/\/xn--msle-heizung-sanitr-xwb47a.de\/?page_id=130\" class=\"more-link\"><span class=\"screen-reader-text\">\u00d6l<\/span> weiterlesen<\/a><\/p>\n","protected":false},"author":1,"featured_media":0,"parent":0,"menu_order":0,"comment_status":"closed","ping_status":"closed","template":"","meta":{"ngg_post_thumbnail":0},"_links":{"self":[{"href":"https:\/\/xn--msle-heizung-sanitr-xwb47a.de\/index.php?rest_route=\/wp\/v2\/pages\/130"}],"collection":[{"href":"https:\/\/xn--msle-heizung-sanitr-xwb47a.de\/index.php?rest_route=\/wp\/v2\/pages"}],"about":[{"href":"https:\/\/xn--msle-heizung-sanitr-xwb47a.de\/index.php?rest_route=\/wp\/v2\/types\/page"}],"author":[{"embeddable":true,"href":"https:\/\/xn--msle-heizung-sanitr-xwb47a.de\/index.php?rest_route=\/wp\/v2\/users\/1"}],"replies":[{"embeddable":true,"href":"https:\/\/xn--msle-heizung-sanitr-xwb47a.de\/index.php?rest_route=%2Fwp%2Fv2%2Fcomments&post=130"}],"version-history":[{"count":4,"href":"https:\/\/xn--msle-heizung-sanitr-xwb47a.de\/index.php?rest_route=\/wp\/v2\/pages\/130\/revisions"}],"predecessor-version":[{"id":204,"href":"https:\/\/xn--msle-heizung-sanitr-xwb47a.de\/index.php?rest_route=\/wp\/v2\/pages\/130\/revisions\/204"}],"wp:attachment":[{"href":"https:\/\/xn--msle-heizung-sanitr-xwb47a.de\/index.php?rest_route=%2Fwp%2Fv2%2Fmedia&parent=130"}],"curies":[{"name":"wp","href":"https:\/\/api.w.org\/{rel}","templated":true}]}}