{"id":15,"date":"2018-08-17T13:07:01","date_gmt":"2018-08-17T13:07:01","guid":{"rendered":"http:\/\/xn--msle-heizung-sanitr-xwb47a.de\/?page_id=15"},"modified":"2018-08-27T13:24:54","modified_gmt":"2018-08-27T13:24:54","slug":"froeling-pellet","status":"publish","type":"page","link":"https:\/\/xn--msle-heizung-sanitr-xwb47a.de\/?page_id=15","title":{"rendered":"Pellets"},"content":{"rendered":"<h2>Pelletskessel PE1 Pellet<\/h2>\n<p>Mit einer Grundfl\u00e4che von nur 0,38 m\u00b2 setzt der neue Fr\u00f6ling Pelletskessel PE1 Pellet neue Ma\u00dfst\u00e4be. Leiser Betrieb und hoher Komfort &#8211; niedrige Emissionen und der \u00e4u\u00dferst geringe Stromverbrauch zeichnen den PE1 Pellet aus. Dank der hohen Energieeffizienz eignet sich die kompakte Pelletheizung besonders f\u00fcr Niedrigenergie- und Passivh\u00e4user.<\/p>\n<hr>\n<p><img decoding=\"async\" loading=\"lazy\" class=\"alignleft wp-image-16 size-medium\" src=\"http:\/\/xn--msle-heizung-sanitr-xwb47a.de\/wp-content\/uploads\/2018\/08\/Pellets1-169x300.jpg\" alt=\"\" width=\"169\" height=\"300\" srcset=\"https:\/\/xn--msle-heizung-sanitr-xwb47a.de\/wp-content\/uploads\/2018\/08\/Pellets1-169x300.jpg 169w, https:\/\/xn--msle-heizung-sanitr-xwb47a.de\/wp-content\/uploads\/2018\/08\/Pellets1-768x1367.jpg 768w, https:\/\/xn--msle-heizung-sanitr-xwb47a.de\/wp-content\/uploads\/2018\/08\/Pellets1-575x1024.jpg 575w, https:\/\/xn--msle-heizung-sanitr-xwb47a.de\/wp-content\/uploads\/2018\/08\/Pellets1.jpg 886w\" sizes=\"(max-width: 169px) 100vw, 169px\" \/> <img decoding=\"async\" loading=\"lazy\" class=\"alignright wp-image-17 size-medium\" src=\"http:\/\/xn--msle-heizung-sanitr-xwb47a.de\/wp-content\/uploads\/2018\/08\/Pellets2-160x300.jpg\" alt=\"\" width=\"160\" height=\"300\" srcset=\"https:\/\/xn--msle-heizung-sanitr-xwb47a.de\/wp-content\/uploads\/2018\/08\/Pellets2-160x300.jpg 160w, https:\/\/xn--msle-heizung-sanitr-xwb47a.de\/wp-content\/uploads\/2018\/08\/Pellets2-768x1440.jpg 768w, https:\/\/xn--msle-heizung-sanitr-xwb47a.de\/wp-content\/uploads\/2018\/08\/Pellets2-546x1024.jpg 546w, https:\/\/xn--msle-heizung-sanitr-xwb47a.de\/wp-content\/uploads\/2018\/08\/Pellets2.jpg 886w\" sizes=\"(max-width: 160px) 100vw, 160px\" \/><\/p>\n<h2>&nbsp;<\/h2>\n<hr>\n<h2>Pelletskessel P4 Pellet<\/h2>\n<p>Fr\u00f6ling setzt mit dem neuen P4, einer Pelletheizung bis 60 kW, internationale Ma\u00dfst\u00e4be in Sachen Technik und Design. Mit der ausgekl\u00fcgelten, vollautomatischen Funktionsweise bietet dieses neue Produkt perfekten Komfort<\/p>\n<hr>\n<p><img decoding=\"async\" loading=\"lazy\" class=\"wp-image-18 size-medium alignleft\" src=\"http:\/\/xn--msle-heizung-sanitr-xwb47a.de\/wp-content\/uploads\/2018\/08\/Pellets3-224x300.jpg\" alt=\"\" width=\"224\" height=\"300\" srcset=\"https:\/\/xn--msle-heizung-sanitr-xwb47a.de\/wp-content\/uploads\/2018\/08\/Pellets3-224x300.jpg 224w, https:\/\/xn--msle-heizung-sanitr-xwb47a.de\/wp-content\/uploads\/2018\/08\/Pellets3.jpg 591w\" sizes=\"(max-width: 224px) 100vw, 224px\" \/><img decoding=\"async\" loading=\"lazy\" class=\"wp-image-19 size-medium alignright\" src=\"http:\/\/xn--msle-heizung-sanitr-xwb47a.de\/wp-content\/uploads\/2018\/08\/Pellets4-269x300.jpg\" alt=\"\" width=\"269\" height=\"300\" srcset=\"https:\/\/xn--msle-heizung-sanitr-xwb47a.de\/wp-content\/uploads\/2018\/08\/Pellets4-269x300.jpg 269w, https:\/\/xn--msle-heizung-sanitr-xwb47a.de\/wp-content\/uploads\/2018\/08\/Pellets4-768x856.jpg 768w, https:\/\/xn--msle-heizung-sanitr-xwb47a.de\/wp-content\/uploads\/2018\/08\/Pellets4.jpg 886w\" sizes=\"(max-width: 269px) 100vw, 269px\" \/><\/p>\n<h2>&nbsp;<\/h2>\n<hr>\n<p>&nbsp;<\/p>\n","protected":false},"excerpt":{"rendered":"<p>Pelletskessel PE1 Pellet Mit einer Grundfl\u00e4che von nur 0,38 m\u00b2 setzt der neue Fr\u00f6ling Pelletskessel PE1 Pellet neue Ma\u00dfst\u00e4be. Leiser Betrieb und hoher Komfort &#8211; niedrige Emissionen und der \u00e4u\u00dferst geringe Stromverbrauch zeichnen den PE1 Pellet aus. Dank der hohen Energieeffizienz eignet sich die kompakte Pelletheizung besonders f\u00fcr Niedrigenergie- und Passivh\u00e4user. &nbsp; Pelletskessel P4 Pellet &hellip; <a href=\"https:\/\/xn--msle-heizung-sanitr-xwb47a.de\/?page_id=15\" class=\"more-link\"><span class=\"screen-reader-text\">Pellets<\/span> weiterlesen<\/a><\/p>\n","protected":false},"author":1,"featured_media":0,"parent":0,"menu_order":0,"comment_status":"closed","ping_status":"closed","template":"","meta":{"ngg_post_thumbnail":0},"_links":{"self":[{"href":"https:\/\/xn--msle-heizung-sanitr-xwb47a.de\/index.php?rest_route=\/wp\/v2\/pages\/15"}],"collection":[{"href":"https:\/\/xn--msle-heizung-sanitr-xwb47a.de\/index.php?rest_route=\/wp\/v2\/pages"}],"about":[{"href":"https:\/\/xn--msle-heizung-sanitr-xwb47a.de\/index.php?rest_route=\/wp\/v2\/types\/page"}],"author":[{"embeddable":true,"href":"https:\/\/xn--msle-heizung-sanitr-xwb47a.de\/index.php?rest_route=\/wp\/v2\/users\/1"}],"replies":[{"embeddable":true,"href":"https:\/\/xn--msle-heizung-sanitr-xwb47a.de\/index.php?rest_route=%2Fwp%2Fv2%2Fcomments&post=15"}],"version-history":[{"count":3,"href":"https:\/\/xn--msle-heizung-sanitr-xwb47a.de\/index.php?rest_route=\/wp\/v2\/pages\/15\/revisions"}],"predecessor-version":[{"id":202,"href":"https:\/\/xn--msle-heizung-sanitr-xwb47a.de\/index.php?rest_route=\/wp\/v2\/pages\/15\/revisions\/202"}],"wp:attachment":[{"href":"https:\/\/xn--msle-heizung-sanitr-xwb47a.de\/index.php?rest_route=%2Fwp%2Fv2%2Fmedia&parent=15"}],"curies":[{"name":"wp","href":"https:\/\/api.w.org\/{rel}","templated":true}]}}